{"id":10335,"date":"2023-05-31T10:15:56","date_gmt":"2023-05-31T08:15:56","guid":{"rendered":"https:\/\/bluegistics.com\/politica-de-cookies\/"},"modified":"2026-03-26T23:59:05","modified_gmt":"2026-03-26T21:59:05","slug":"politica-de-cookies","status":"publish","type":"page","link":"https:\/\/bluegistics.com\/pt-br\/politica-de-cookies\/","title":{"rendered":"Pol\u00edtica de cookies"},"content":{"rendered":"\n<h2 class=\"wp-block-heading\">O que s\u00e3o cookies?<\/h2>\n\n\n\n<p>Em ingl\u00eas, o termo \u201ccookie\u201d significa biscoito, mas, no \u00e2mbito da navega\u00e7\u00e3o na internet, um \u201ccookie\u201d \u00e9 algo completamente diferente. Quando voc\u00ea acessa o nosso Site, uma pequena quantidade de texto \u00e9 armazenada no navegador do seu dispositivo, chamada de \u201ccookie\u201d. Esse texto cont\u00e9m informa\u00e7\u00f5es variadas sobre a sua navega\u00e7\u00e3o, h\u00e1bitos, prefer\u00eancias, personaliza\u00e7\u00f5es de conte\u00fado etc.<\/p>\n\n\n\n<p>Existem outras tecnologias que funcionam de forma semelhante e que tamb\u00e9m s\u00e3o usadas para coletar dados sobre a sua atividade de navega\u00e7\u00e3o. Chamaremos todas essas tecnologias, em conjunto, de \u201ccookies\u201d.<\/p>\n\n\n\n<p>Os usos espec\u00edficos que fazemos dessas tecnologias est\u00e3o descritos neste documento.<\/p>\n\n\n\n<h2 class=\"wp-block-heading\">Para que os cookies s\u00e3o utilizados neste site?<\/h2>\n\n\n\n<p>Os cookies s\u00e3o uma parte essencial do funcionamento do Site. O principal objetivo dos nossos cookies \u00e9 melhorar a sua experi\u00eancia de navega\u00e7\u00e3o. Por exemplo, para lembrar suas prefer\u00eancias, como idioma, pa\u00eds etc., durante a navega\u00e7\u00e3o e em visitas futuras. As informa\u00e7\u00f5es coletadas pelos cookies tamb\u00e9m nos permitem melhorar o site, adapt\u00e1-lo aos seus interesses como usu\u00e1rio, agilizar as pesquisas que voc\u00ea realizar etc.<\/p>\n\n\n\n<p>Em determinados casos, se tivermos obtido previamente o seu consentimento informado, poderemos utilizar cookies para outras finalidades, como, por exemplo, obter informa\u00e7\u00f5es que nos permitam mostrar publicidade com base na an\u00e1lise dos seus h\u00e1bitos de navega\u00e7\u00e3o.<\/p>\n\n\n\n<h2 class=\"wp-block-heading\">Para que os cookies N\u00c3O s\u00e3o utilizados neste site?<\/h2>\n\n\n\n<p>Nos cookies que utilizamos n\u00e3o \u00e9 armazenada informa\u00e7\u00e3o sens\u00edvel de identifica\u00e7\u00e3o pessoal, como seu nome, endere\u00e7o, senha etc.<\/p>\n\n\n\n<h2 class=\"wp-block-heading\">Quem utiliza as informa\u00e7\u00f5es armazenadas nos cookies?<\/h2>\n\n\n\n<p>As informa\u00e7\u00f5es armazenadas nos cookies do nosso Site s\u00e3o utilizadas exclusivamente por n\u00f3s, com exce\u00e7\u00e3o daquelas identificadas mais adiante como \u201ccookies de terceiros\u201d, que s\u00e3o utilizadas e gerenciadas por entidades externas que nos fornecem servi\u00e7os que melhoram a experi\u00eancia do usu\u00e1rio. Por exemplo, estat\u00edsticas sobre o n\u00famero de visitas, os conte\u00fados mais acessados etc., normalmente gerenciadas pelo Google Analytics.<\/p>\n\n\n\n<h2 class=\"wp-block-heading\">Como evitar o uso de cookies neste Site?<\/h2>\n\n\n\n<p>Se preferir evitar o uso de cookies, voc\u00ea pode REJEITAR o seu uso ou CONFIGURAR quais deseja evitar e quais permite utilizar. Neste documento, fornecemos informa\u00e7\u00f5es detalhadas sobre cada tipo de cookie, sua finalidade, destinat\u00e1rio, dura\u00e7\u00e3o etc.<\/p>\n\n\n\n<p>Se voc\u00ea os tiver aceitado, n\u00e3o voltaremos a perguntar, a menos que apague os cookies do seu dispositivo, conforme indicado na se\u00e7\u00e3o seguinte. Se quiser revogar o consentimento, ser\u00e1 necess\u00e1rio excluir os cookies e configur\u00e1-los novamente.<\/p>\n\n\n\n<h2 class=\"wp-block-heading\">Como desabilitar e excluir o uso de cookies?<\/h2>\n\n\n\n<p>Para restringir, bloquear ou excluir os cookies deste Site, inclusive os utilizados por terceiros, voc\u00ea pode faz\u00ea-lo a qualquer momento alterando as configura\u00e7\u00f5es do seu navegador. Observe que essa configura\u00e7\u00e3o \u00e9 diferente em cada navegador.<\/p>\n\n\n\n<p>Nos links a seguir, voc\u00ea encontrar\u00e1 instru\u00e7\u00f5es para habilitar ou desabilitar cookies nos navegadores mais comuns:<\/p>\n\n\n\n<ul class=\"wp-block-list\">\n<li>Firefox<\/li>\n\n\n\n<li>Google Chrome<\/li>\n\n\n\n<li>Internet Explorer<\/li>\n\n\n\n<li>Microsoft Edge<\/li>\n\n\n\n<li>Safari<\/li>\n<\/ul>\n\n\n\n<h2 class=\"wp-block-heading\">Que tipos de cookies s\u00e3o utilizados neste site?<\/h2>\n\n\n\n<p>Cada site utiliza seus pr\u00f3prios cookies. No nosso site, utilizamos os indicados a seguir:<\/p>\n\n\n\n<h3 class=\"wp-block-heading\">DE ACORDO COM A ENTIDADE QUE OS GERENCIA<\/h3>\n\n\n\n<p><strong>Cookies pr\u00f3prios:<\/strong><br>S\u00e3o aqueles enviados ao dispositivo do Usu\u00e1rio a partir de um equipamento ou dom\u00ednio gerenciado pelo pr\u00f3prio editor e a partir do qual \u00e9 prestado o servi\u00e7o solicitado pelo Usu\u00e1rio.<\/p>\n\n\n\n<p><strong>Cookies de terceiros:<\/strong><br>S\u00e3o aqueles enviados ao dispositivo do Usu\u00e1rio a partir de um equipamento ou dom\u00ednio que n\u00e3o \u00e9 gerenciado pelo editor, mas por outra entidade que trata os dados obtidos por meio dos cookies.<\/p>\n\n\n\n<p>Caso os cookies sejam servidos a partir de um equipamento ou dom\u00ednio gerenciado pelo pr\u00f3prio editor, mas as informa\u00e7\u00f5es coletadas por meio deles sejam gerenciadas por um terceiro, eles n\u00e3o podem ser considerados cookies pr\u00f3prios se o terceiro os utilizar para suas pr\u00f3prias finalidades, como, por exemplo, a melhoria dos servi\u00e7os que presta ou a presta\u00e7\u00e3o de servi\u00e7os publicit\u00e1rios em favor de outras entidades.<\/p>\n\n\n\n<h3 class=\"wp-block-heading\">DE ACORDO COM A SUA FINALIDADE<\/h3>\n\n\n\n<p><strong>Cookies t\u00e9cnicos:<\/strong><br>S\u00e3o aqueles necess\u00e1rios para a navega\u00e7\u00e3o e o bom funcionamento do nosso Site, como, por exemplo, controlar o tr\u00e1fego e a comunica\u00e7\u00e3o de dados, identificar a sess\u00e3o, acessar \u00e1reas restritas, realizar solicita\u00e7\u00f5es de inscri\u00e7\u00e3o ou participa\u00e7\u00e3o em um evento, contabilizar visitas para fins de faturamento das licen\u00e7as do software com o qual o servi\u00e7o do Site funciona, utilizar elementos de seguran\u00e7a durante a navega\u00e7\u00e3o, armazenar conte\u00fados para reprodu\u00e7\u00e3o de v\u00eddeo ou \u00e1udio e habilitar conte\u00fados din\u00e2micos, como anima\u00e7\u00f5es de carregamento de texto ou imagem.<\/p>\n\n\n\n<p><strong>Cookies de an\u00e1lise:<\/strong><br>Permitem quantificar o n\u00famero de usu\u00e1rios e, assim, realizar a medi\u00e7\u00e3o e a an\u00e1lise estat\u00edstica da utiliza\u00e7\u00e3o que os usu\u00e1rios fazem do Site.<\/p>\n\n\n\n<p><strong>Cookies de prefer\u00eancias ou personaliza\u00e7\u00e3o:<\/strong><br>S\u00e3o aqueles que permitem lembrar informa\u00e7\u00f5es para que o Usu\u00e1rio acesse o servi\u00e7o com determinadas caracter\u00edsticas que possam diferenciar sua experi\u00eancia da de outros usu\u00e1rios, como, por exemplo, o idioma, o n\u00famero de resultados a mostrar quando o Usu\u00e1rio realiza uma busca, a apar\u00eancia ou o conte\u00fado do servi\u00e7o em fun\u00e7\u00e3o do tipo de navegador por meio do qual acessa o servi\u00e7o ou da regi\u00e3o a partir da qual acessa o servi\u00e7o etc.<\/p>\n\n\n\n<h3 class=\"wp-block-heading\">DE ACORDO COM O PRAZO DE TEMPO EM QUE PERMANECEM ATIVOS<\/h3>\n\n\n\n<p><strong>Cookies de sess\u00e3o:<\/strong><br>S\u00e3o aqueles criados para coletar e armazenar dados enquanto o Usu\u00e1rio acessa uma p\u00e1gina da web.<\/p>\n\n\n\n<p>Normalmente, s\u00e3o utilizados para armazenar informa\u00e7\u00f5es que interessam apenas para a presta\u00e7\u00e3o do servi\u00e7o solicitado pelo Usu\u00e1rio em uma \u00fanica ocasi\u00e3o, como, por exemplo, uma lista de produtos adquiridos, e desaparecem ao encerrar a sess\u00e3o.<\/p>\n\n\n\n<p><strong>Cookies persistentes:<\/strong><br>S\u00e3o aqueles em que os dados continuam armazenados no dispositivo e podem ser acessados e tratados durante um per\u00edodo definido pelo respons\u00e1vel pelo cookie, que pode variar de alguns minutos a v\u00e1rios anos. Nesse sentido, deve-se avaliar especificamente se o uso de cookies persistentes \u00e9 necess\u00e1rio, j\u00e1 que os riscos para a privacidade podem ser reduzidos com o uso de cookies de sess\u00e3o. Em qualquer caso, quando forem instalados cookies persistentes, recomenda-se reduzir ao m\u00ednimo necess\u00e1rio a sua dura\u00e7\u00e3o, de acordo com a finalidade de uso. Para esses efeitos, o Parecer 4\/2012 do GT29 indicou que, para que um cookie possa estar isento da obriga\u00e7\u00e3o de consentimento informado, sua validade deve estar relacionada \u00e0 sua finalidade. Por isso, \u00e9 muito mais prov\u00e1vel que os cookies de sess\u00e3o sejam considerados isentos do que os cookies persistentes.<\/p>\n\n\n\n<p>Detalhe dos cookies utilizados neste site:<strong>eb:<\/strong><\/p>\n","protected":false},"excerpt":{"rendered":"<p>O que s\u00e3o cookies? Em ingl\u00eas, o termo \u201ccookie\u201d significa biscoito, mas, no \u00e2mbito da navega\u00e7\u00e3o na internet, um \u201ccookie\u201d \u00e9 algo completamente diferente. Quando voc\u00ea acessa o nosso Site, uma pequena quantidade de texto \u00e9 armazenada no navegador do seu dispositivo, chamada de \u201ccookie\u201d. Esse texto cont\u00e9m informa\u00e7\u00f5es variadas sobre a sua navega\u00e7\u00e3o, h\u00e1bitos, [&hellip;]<\/p>\n","protected":false},"author":1,"featured_media":0,"parent":0,"menu_order":0,"comment_status":"closed","ping_status":"closed","template":"","meta":{"footnotes":""},"hf_cat_page":[],"class_list":["post-10335","page","type-page","status-publish","hentry"],"_links":{"self":[{"href":"https:\/\/bluegistics.com\/pt-br\/wp-json\/wp\/v2\/pages\/10335","targetHints":{"allow":["GET"]}}],"collection":[{"href":"https:\/\/bluegistics.com\/pt-br\/wp-json\/wp\/v2\/pages"}],"about":[{"href":"https:\/\/bluegistics.com\/pt-br\/wp-json\/wp\/v2\/types\/page"}],"author":[{"embeddable":true,"href":"https:\/\/bluegistics.com\/pt-br\/wp-json\/wp\/v2\/users\/1"}],"replies":[{"embeddable":true,"href":"https:\/\/bluegistics.com\/pt-br\/wp-json\/wp\/v2\/comments?post=10335"}],"version-history":[{"count":3,"href":"https:\/\/bluegistics.com\/pt-br\/wp-json\/wp\/v2\/pages\/10335\/revisions"}],"predecessor-version":[{"id":10718,"href":"https:\/\/bluegistics.com\/pt-br\/wp-json\/wp\/v2\/pages\/10335\/revisions\/10718"}],"wp:attachment":[{"href":"https:\/\/bluegistics.com\/pt-br\/wp-json\/wp\/v2\/media?parent=10335"}],"wp:term":[{"taxonomy":"hf_cat_page","embeddable":true,"href":"https:\/\/bluegistics.com\/pt-br\/wp-json\/wp\/v2\/hf_cat_page?post=10335"}],"curies":[{"name":"wp","href":"https:\/\/api.w.org\/{rel}","templated":true}]}}